{"id":24768,"date":"2021-07-21T11:31:46","date_gmt":"2021-07-21T08:31:46","guid":{"rendered":"https:\/\/starpflege.com\/allgemeine-geschaeftsbedingungen\/"},"modified":"2021-07-21T11:31:48","modified_gmt":"2021-07-21T08:31:48","slug":"allgemeine-geschaeftsbedingungen","status":"publish","type":"page","link":"https:\/\/starpflege.com\/de\/allgemeine-geschaeftsbedingungen\/","title":{"rendered":"Allgemeine Gesch\u00e4ftsbedingungen"},"content":{"rendered":"<p>[et_pb_section fb_built=&#8220;1&#8243; _builder_version=&#8220;4.9.9&#8243; _module_preset=&#8220;default&#8220;][et_pb_row _builder_version=&#8220;4.9.9&#8243; _module_preset=&#8220;default&#8220;][et_pb_column _builder_version=&#8220;4.9.9&#8243; _module_preset=&#8220;default&#8220; type=&#8220;4_4&#8243;][et_pb_text _builder_version=&#8220;4.9.9&#8243; _module_preset=&#8220;default&#8220; text_font_size=&#8220;28px&#8220; text_orientation=&#8220;center&#8220; hover_enabled=&#8220;0&#8243; sticky_enabled=&#8220;0&#8243;]<\/p>\n<p>Allgemeine Gesch\u00e4ftsbedingungen<\/p>\n<p>[\/et_pb_text][\/et_pb_column][\/et_pb_row][et_pb_row _builder_version=&#8220;4.9.9&#8243; _module_preset=&#8220;default&#8220;][et_pb_column type=&#8220;4_4&#8243; _builder_version=&#8220;4.9.9&#8243; _module_preset=&#8220;default&#8220;][et_pb_text _builder_version=&#8220;4.9.9&#8243; _module_preset=&#8220;default&#8220;]<\/p>\n<p>ANNAHME DIESER NUTZUNGSBEDINGUNGEN<\/p>\n<p>Die Nutzung der Website unterliegt den folgenden Nutzungsbedingungen. Indem Sie auf der Site navigieren oder auf ein beliebiges Objekt auf der Site klicken, stimmen Sie diesen Nutzungsbedingungen zu. Wir behalten uns das Recht vor, die Nutzungsbedingungen bei Bedarf jederzeit zu aktualisieren, ohne Sie zu benachrichtigen. Sie k\u00f6nnen die Nutzungsbedingungen jederzeit einsehen, indem Sie auf den Link &#8222;Nutzungsbedingungen&#8220; unten auf den Webseiten dieser Site klicken.<\/p>\n<p>NUTZUNGSBEDINGUNGEN, BENACHRICHTIGUNGEN UND AUDITS<\/p>\n<p>Wenn Sie sich entscheiden, STARPFLEGE zu besuchen, unterliegen Ihr Besuch und alle Datenschutzstreitigkeiten dieser Mitteilung und unseren Nutzungsbedingungen, einschlie\u00dflich Schadensbegrenzung, Schlichtung von Streitigkeiten und Anwendung der Gesetze der Republik Bulgarien. Wenn Sie Bedenken bez\u00fcglich des Datenschutzes von STARPFLEGE haben, senden Sie uns bitte eine detaillierte Beschreibung von <span>star.pflege21@gmail.com<\/span>,und wir werden versuchen, es zu l\u00f6sen. Unser Gesch\u00e4ft ver\u00e4ndert sich st\u00e4ndig. Dieser Hinweis und die Nutzungsbedingungen werden sich ebenfalls \u00e4ndern und die Verwendung der von uns jetzt gesammelten Informationen unterliegt der zum Zeitpunkt der Verwendung geltenden Datenschutzrichtlinie. Sie sollten unsere Website regelm\u00e4\u00dfig besuchen, um die neuesten \u00c4nderungen zu sehen.<\/p>\n<p>BULLETINS<\/p>\n<p>Wir versenden Newsletter an Sie und verkaufen Ihre E-Mail-Adresse nicht an Dritte. Sie k\u00f6nnen sich jederzeit vom Newsletter abmelden, indem Sie den Abmeldehinweisen in jedem Newsletter folgen oder uns direkt kontaktieren. Standardm\u00e4\u00dfig werden alle Kontakte auf unserer Website in unseren CRM- und Newsletter-Verteiler eingetragen. Wenn Sie es vorziehen, nicht in unseren E-Mail-Verteiler aufgenommen zu werden, geben Sie dies bitte im E-Mail-Inhalt an oder kontaktieren Sie uns per E-Mail.<\/p>\n<p>ANRUFE<\/p>\n<p>Wenn Sie uns telefonisch kontaktieren, kann der Anruf zur Qualit\u00e4tssicherung \u00fcberwacht oder aufgezeichnet werden. Ihre fortgesetzte Teilnahme an jedem Telefonat gilt als ausdr\u00fcckliche Zustimmung zur \u00dcberwachung oder Aufzeichnung.<\/p>\n<p>URHEBERRECHTE<\/p>\n<p>Die auf starpflege.com enthaltenen Inhalte \u2013 einschlie\u00dflich Texte, Bilder, Videos und sonstiger Medien sowie Gestaltung und Stil aller Inhalte \u2013 sind Eigentum von starpflege oder Dritten, die die Nutzung von starpflege genehmigt haben.<\/p>\n<p>AUTORISIERTE VERWENDUNG<\/p>\n<p>Besucher dieser Website sind berechtigt, auf dieses Material zuzugreifen, dieses Material herunterzuladen und auf elektronische, magnetische, optische oder \u00e4hnliche Speichermedien zu kopieren und Papierkopien von solchem \u200b\u200bheruntergeladenen Material anzufertigen, vorausgesetzt, dass diese Aktivit\u00e4ten und Kopien nur f\u00fcr den kommerziellen Gebrauch bestimmt sind und dass die folgenden Bedingungen erf\u00fcllt sind:<\/p>\n<p>&#8211; Die Marke muss korrekt erw\u00e4hnt werden, mit einem passenden Logo oder der korrekten Schreibweise des Firmennamens<\/p>\n<p>&#8211; Sie k\u00f6nnen auf starpflege.com verlinken, indem Sie entsprechenden Text verwenden ,,&#8230; der auf starpflege.com zu finden ist, oder indem Sie die Linkberechtigung anfordern<\/p>\n<p>&#8211; Sie m\u00fcssen starpflege.com korrekt als Quelle angeben.<\/p>\n<p>EINGESCHR\u00c4NKTE NUTZUNG<\/p>\n<p>Besucher dieser Website d\u00fcrfen keine der von dieser Website heruntergeladenen oder kopierten urheberrechtlich gesch\u00fctzten Materialien kopieren, verteilen, anzeigen, reproduzieren, verkaufen oder ver\u00f6ffentlichen. Zur Klarstellung: Es wird keine Erlaubnis erteilt, dieses Material auf eine offene Website zu \u00fcbertragen. F\u00fcr eine Erlaubnis wenden Sie sich bitte an <span>star.pflege21@gmail.com<\/span>. Starpflege \u00fcberwacht das Netzwerk genau auf Verst\u00f6\u00dfe gegen unsere Nutzungsrichtlinien. Designermarken oder stilisierte Versionen von Markenzeichen d\u00fcrfen nur mit schriftlicher Genehmigung von starpflege verwendet werden.<\/p>\n<p>MELDUNG VON VERLETZUNGEN<\/p>\n<p>Wenn Sie im Zusammenhang mit der Site eine Verletzung des Urheberrechts, der Marke oder eines anderen geistigen Eigentums feststellen, sei es im Besitz der Eigent\u00fcmer der Site oder Dritter, kontaktieren Sie uns bitte unter:<\/p>\n<p>Starpflege<\/p>\n<p>Stadt &#8230;&#8230;&#8230;.., Bulgarien<\/p>\n<p>st. \u201e&#8230;&#8230;&#8230;&#8230;&#8230;.\u201c <\/p>\n<p>Telefon: <\/p>\n<p>[\/et_pb_text][\/et_pb_column][\/et_pb_row][\/et_pb_section]<\/p>\n","protected":false},"excerpt":{"rendered":"<p>Allgemeine Gesch\u00e4ftsbedingungenANNAHME DIESER NUTZUNGSBEDINGUNGEN Die Nutzung der Website unterliegt den folgenden Nutzungsbedingungen. Indem Sie auf der Site navigieren oder auf ein beliebiges Objekt auf der Site klicken, stimmen Sie diesen Nutzungsbedingungen zu. Wir behalten uns das Recht vor, die Nutzungsbedingungen bei Bedarf jederzeit zu aktualisieren, ohne Sie zu benachrichtigen. Sie k\u00f6nnen die Nutzungsbedingungen jederzeit einsehen, [&hellip;]<\/p>\n","protected":false},"author":1,"featured_media":0,"parent":0,"menu_order":0,"comment_status":"closed","ping_status":"closed","template":"","meta":{"_et_pb_use_builder":"on","_et_pb_old_content":"","_et_gb_content_width":"","footnotes":""},"class_list":["post-24768","page","type-page","status-publish","hentry"],"_links":{"self":[{"href":"https:\/\/starpflege.com\/de\/wp-json\/wp\/v2\/pages\/24768","targetHints":{"allow":["GET"]}}],"collection":[{"href":"https:\/\/starpflege.com\/de\/wp-json\/wp\/v2\/pages"}],"about":[{"href":"https:\/\/starpflege.com\/de\/wp-json\/wp\/v2\/types\/page"}],"author":[{"embeddable":true,"href":"https:\/\/starpflege.com\/de\/wp-json\/wp\/v2\/users\/1"}],"replies":[{"embeddable":true,"href":"https:\/\/starpflege.com\/de\/wp-json\/wp\/v2\/comments?post=24768"}],"version-history":[{"count":2,"href":"https:\/\/starpflege.com\/de\/wp-json\/wp\/v2\/pages\/24768\/revisions"}],"predecessor-version":[{"id":24770,"href":"https:\/\/starpflege.com\/de\/wp-json\/wp\/v2\/pages\/24768\/revisions\/24770"}],"wp:attachment":[{"href":"https:\/\/starpflege.com\/de\/wp-json\/wp\/v2\/media?parent=24768"}],"curies":[{"name":"wp","href":"https:\/\/api.w.org\/{rel}","templated":true}]}}